{"id":46,"date":"2017-08-01T06:10:05","date_gmt":"2017-08-01T06:10:05","guid":{"rendered":"https:\/\/stomatoloskaordinacijacazin.com\/wp\/contact\/"},"modified":"2023-07-22T08:22:35","modified_gmt":"2023-07-22T08:22:35","slug":"zakazi-termin","status":"publish","type":"page","link":"https:\/\/stomatoloskaordinacijacazin.com\/wp\/zakazi-termin\/","title":{"rendered":"ZAKA\u017dI TERMIN"},"content":{"rendered":"\t\t<div data-elementor-type=\"wp-post\" data-elementor-id=\"46\" class=\"elementor elementor-46\" data-elementor-settings=\"{&quot;ha_cmc_init_switcher&quot;:&quot;no&quot;}\">\n\t\t\t\t\t\t<section class=\"elementor-section elementor-top-section elementor-element elementor-element-229f6d2f elementor-section-boxed elementor-section-height-default elementor-section-height-default\" data-id=\"229f6d2f\" data-element_type=\"section\" data-settings=\"{&quot;background_background&quot;:&quot;classic&quot;,&quot;shape_divider_bottom&quot;:&quot;waves&quot;,&quot;_ha_eqh_enable&quot;:false}\">\n\t\t\t\t\t\t\t<div class=\"elementor-background-overlay\"><\/div>\n\t\t\t\t\t\t<div class=\"elementor-shape elementor-shape-bottom\" aria-hidden=\"true\" data-negative=\"false\">\n\t\t\t<svg xmlns=\"http:\/\/www.w3.org\/2000\/svg\" viewBox=\"0 0 1000 100\" preserveAspectRatio=\"none\">\n\t<path class=\"elementor-shape-fill\" d=\"M421.9,6.5c22.6-2.5,51.5,0.4,75.5,5.3c23.6,4.9,70.9,23.5,100.5,35.7c75.8,32.2,133.7,44.5,192.6,49.7\n\tc23.6,2.1,48.7,3.5,103.4-2.5c54.7-6,106.2-25.6,106.2-25.6V0H0v30.3c0,0,72,32.6,158.4,30.5c39.2-0.7,92.8-6.7,134-22.4\n\tc21.2-8.1,52.2-18.2,79.7-24.2C399.3,7.9,411.6,7.5,421.9,6.5z\"\/>\n<\/svg>\t\t<\/div>\n\t\t\t\t\t<div class=\"elementor-container elementor-column-gap-default\">\n\t\t\t\t\t<div class=\"elementor-column elementor-col-100 elementor-top-column elementor-element elementor-element-b219219\" data-id=\"b219219\" data-element_type=\"column\">\n\t\t\t<div class=\"elementor-widget-wrap elementor-element-populated\">\n\t\t\t\t\t\t<div class=\"elementor-element elementor-element-4710c993 elementor-widget elementor-widget-heading\" data-id=\"4710c993\" data-element_type=\"widget\" data-widget_type=\"heading.default\">\n\t\t\t\t<div class=\"elementor-widget-container\">\n\t\t\t\t\t<h1 class=\"elementor-heading-title elementor-size-default\">zAKA\u017dI TERMIN<\/h1>\t\t\t\t<\/div>\n\t\t\t\t<\/div>\n\t\t\t\t\t<\/div>\n\t\t<\/div>\n\t\t\t\t\t<\/div>\n\t\t<\/section>\n\t\t\t\t<section class=\"elementor-section elementor-top-section elementor-element elementor-element-36789cba elementor-section-content-middle elementor-section-boxed elementor-section-height-default elementor-section-height-default\" data-id=\"36789cba\" data-element_type=\"section\" data-settings=\"{&quot;_ha_eqh_enable&quot;:false}\">\n\t\t\t\t\t\t<div class=\"elementor-container elementor-column-gap-default\">\n\t\t\t\t\t<div class=\"elementor-column elementor-col-50 elementor-top-column elementor-element elementor-element-744deb46\" data-id=\"744deb46\" data-element_type=\"column\" data-settings=\"{&quot;background_background&quot;:&quot;classic&quot;}\">\n\t\t\t<div class=\"elementor-widget-wrap elementor-element-populated\">\n\t\t\t\t\t\t<div class=\"elementor-element elementor-element-683de2e1 elementor-widget elementor-widget-image-box\" data-id=\"683de2e1\" data-element_type=\"widget\" data-widget_type=\"image-box.default\">\n\t\t\t\t<div class=\"elementor-widget-container\">\n\t\t\t\t\t<div class=\"elementor-image-box-wrapper\"><div class=\"elementor-image-box-content\"><h2 class=\"elementor-image-box-title\">ORALIS<\/h2><p class=\"elementor-image-box-description\">Stomatolo\u0161ka Ordinacija<\/p><\/div><\/div>\t\t\t\t<\/div>\n\t\t\t\t<\/div>\n\t\t\t\t<div class=\"elementor-element elementor-element-61aae948 elementor-hidden-desktop elementor-hidden-tablet elementor-hidden-mobile elementor-widget elementor-widget-shortcode\" data-id=\"61aae948\" data-element_type=\"widget\" data-widget_type=\"shortcode.default\">\n\t\t\t\t<div class=\"elementor-widget-container\">\n\t\t\t\t\t\t\t<div class=\"elementor-shortcode\"><div class=\"wpforms-container \" id=\"wpforms-5\"><form id=\"wpforms-form-5\" class=\"wpforms-validate wpforms-form\" data-formid=\"5\" method=\"post\" enctype=\"multipart\/form-data\" action=\"\/wp\/wp-json\/wp\/v2\/pages\/46\" data-token=\"e6db40ddef6fc1d08e6cea14aeabfb2b\" data-token-time=\"1777578122\"><noscript class=\"wpforms-error-noscript\">Please enable JavaScript in your browser to complete this form.<\/noscript><div class=\"wpforms-field-container\"><div id=\"wpforms-5-field_0-container\" class=\"wpforms-field wpforms-field-name\" data-field-id=\"0\"><label class=\"wpforms-field-label wpforms-label-hide\" for=\"wpforms-5-field_0\">Ime i prezime <span class=\"wpforms-required-label\">*<\/span><\/label><input type=\"text\" id=\"wpforms-5-field_0\" class=\"wpforms-field-large wpforms-field-required\" name=\"wpforms[fields][0]\" placeholder=\"Ime i prezime\" required><\/div><div id=\"wpforms-5-field_5-container\" class=\"wpforms-field wpforms-field-number\" data-field-id=\"5\"><label class=\"wpforms-field-label wpforms-label-hide\" for=\"wpforms-5-field_5\">Broj telefona <span class=\"wpforms-required-label\">*<\/span><\/label><input type=\"number\" id=\"wpforms-5-field_5\" class=\"wpforms-field-large wpforms-field-required\" name=\"wpforms[fields][5]\" placeholder=\"Broj telefona\" step=\"any\" required><\/div><div id=\"wpforms-5-field_6-container\" class=\"wpforms-field wpforms-field-email\" data-field-id=\"6\"><label class=\"wpforms-field-label wpforms-label-hide\" for=\"wpforms-5-field_6\">Email <span class=\"wpforms-required-label\">*<\/span><\/label><input type=\"email\" id=\"wpforms-5-field_6\" class=\"wpforms-field-large wpforms-field-required\" name=\"wpforms[fields][6]\" placeholder=\"Email\" spellcheck=\"false\" required><\/div><div id=\"wpforms-5-field_4-container\" class=\"wpforms-field wpforms-field-select wpforms-field-select-style-classic\" data-field-id=\"4\"><label class=\"wpforms-field-label wpforms-label-hide\" for=\"wpforms-5-field_4\">Usluga <span class=\"wpforms-required-label\">*<\/span><\/label><select id=\"wpforms-5-field_4\" class=\"wpforms-field-large wpforms-field-required\" name=\"wpforms[fields][4]\" required=\"required\"><option value=\"\" class=\"placeholder\" disabled  selected='selected'>Odaberite uslugu<\/option><option value=\"Estetika\" >Estetika<\/option><option value=\"Krunice i mostovi\" >Krunice i mostovi<\/option><option value=\"Izbjeljivanje\" >Izbjeljivanje<\/option><option value=\"Mobilna protetika\" >Mobilna protetika<\/option><option value=\"Restaurativna dentalna medicina\" >Restaurativna dentalna medicina<\/option><option value=\"Parodontologija\" >Parodontologija<\/option><option value=\"Oralna hirurgija\" >Oralna hirurgija<\/option><option value=\"Prevencija i promocija oralnog zdravlja\" >Prevencija i promocija oralnog zdravlja<\/option><\/select><\/div><div id=\"wpforms-5-field_2-container\" class=\"wpforms-field wpforms-field-textarea\" data-field-id=\"2\"><label class=\"wpforms-field-label wpforms-label-hide\" for=\"wpforms-5-field_2\">Poruka<\/label><textarea id=\"wpforms-5-field_2\" class=\"wpforms-field-medium\" name=\"wpforms[fields][2]\" placeholder=\"Opi\u0161ite nam va\u0161 problem. (nije obavezno)\" ><\/textarea><\/div><\/div><!-- .wpforms-field-container --><div class=\"wpforms-field wpforms-field-hp\"><label for=\"wpforms-5-field-hp\" class=\"wpforms-field-label\">Phone<\/label><input type=\"text\" name=\"wpforms[hp]\" id=\"wpforms-5-field-hp\" class=\"wpforms-field-medium\"><\/div><div class=\"wpforms-submit-container\" ><input type=\"hidden\" name=\"wpforms[id]\" value=\"5\"><input type=\"hidden\" name=\"page_title\" value=\"\"><input type=\"hidden\" name=\"page_url\" value=\"https:\/\/stomatoloskaordinacijacazin.com\/wp\/wp-json\/wp\/v2\/pages\/46\"><input type=\"hidden\" name=\"url_referer\" value=\"\"><button type=\"submit\" name=\"wpforms[submit]\" id=\"wpforms-submit-5\" class=\"wpforms-submit\" data-alt-text=\"Slanje...\" data-submit-text=\"ZAKA\u017dI TERMIN\" aria-live=\"assertive\" value=\"wpforms-submit\">ZAKA\u017dI TERMIN<\/button><\/div><\/form><\/div>  <!-- .wpforms-container --><\/div>\n\t\t\t\t\t\t<\/div>\n\t\t\t\t<\/div>\n\t\t\t\t<div class=\"elementor-element elementor-element-30f7901 elementor-widget elementor-widget-image\" data-id=\"30f7901\" data-element_type=\"widget\" data-widget_type=\"image.default\">\n\t\t\t\t<div class=\"elementor-widget-container\">\n\t\t\t\t\t\t\t\t\t\t\t\t\t\t\t<img fetchpriority=\"high\" decoding=\"async\" width=\"1024\" height=\"684\" src=\"https:\/\/stomatoloskaordinacijacazin.com\/wp\/wp-content\/uploads\/2023\/01\/viber_image_2023-01-17_18-17-27-629-1024x684.jpg\" class=\"attachment-large size-large wp-image-2299\" alt=\"\" srcset=\"https:\/\/stomatoloskaordinacijacazin.com\/wp\/wp-content\/uploads\/2023\/01\/viber_image_2023-01-17_18-17-27-629-1024x684.jpg 1024w, https:\/\/stomatoloskaordinacijacazin.com\/wp\/wp-content\/uploads\/2023\/01\/viber_image_2023-01-17_18-17-27-629-300x200.jpg 300w, https:\/\/stomatoloskaordinacijacazin.com\/wp\/wp-content\/uploads\/2023\/01\/viber_image_2023-01-17_18-17-27-629-768x513.jpg 768w, https:\/\/stomatoloskaordinacijacazin.com\/wp\/wp-content\/uploads\/2023\/01\/viber_image_2023-01-17_18-17-27-629-1536x1025.jpg 1536w, https:\/\/stomatoloskaordinacijacazin.com\/wp\/wp-content\/uploads\/2023\/01\/viber_image_2023-01-17_18-17-27-629.jpg 1600w\" sizes=\"(max-width: 1024px) 100vw, 1024px\" \/>\t\t\t\t\t\t\t\t\t\t\t\t\t\t\t<\/div>\n\t\t\t\t<\/div>\n\t\t\t\t<div class=\"elementor-element elementor-element-fc45ad5 elementor-widget elementor-widget-button\" data-id=\"fc45ad5\" data-element_type=\"widget\" data-widget_type=\"button.default\">\n\t\t\t\t<div class=\"elementor-widget-container\">\n\t\t\t\t\t\t\t\t\t<div class=\"elementor-button-wrapper\">\n\t\t\t\t\t<a class=\"elementor-button elementor-button-link elementor-size-sm\" href=\"tel:+38761925444\">\n\t\t\t\t\t\t<span class=\"elementor-button-content-wrapper\">\n\t\t\t\t\t\t\t\t\t<span class=\"elementor-button-text\">Zaka\u017ei termin<\/span>\n\t\t\t\t\t<\/span>\n\t\t\t\t\t<\/a>\n\t\t\t\t<\/div>\n\t\t\t\t\t\t\t\t<\/div>\n\t\t\t\t<\/div>\n\t\t\t\t\t<\/div>\n\t\t<\/div>\n\t\t\t\t<div class=\"elementor-column elementor-col-50 elementor-top-column elementor-element elementor-element-219e8254\" data-id=\"219e8254\" data-element_type=\"column\">\n\t\t\t<div class=\"elementor-widget-wrap elementor-element-populated\">\n\t\t\t\t\t\t<div class=\"elementor-element elementor-element-728f3874 elementor-widget elementor-widget-google_maps\" data-id=\"728f3874\" data-element_type=\"widget\" data-widget_type=\"google_maps.default\">\n\t\t\t\t<div class=\"elementor-widget-container\">\n\t\t\t\t\t\t\t<div class=\"elementor-custom-embed\">\n\t\t\t<iframe\n\t\t\t\t\tdata-src=\"https:\/\/maps.google.com\/maps?q=oralis%20stimatolo%C5%A1ka%20ordinacija&#038;t=m&#038;z=16&#038;output=embed&#038;iwloc=near\"\n\t\t\t\t\ttitle=\"oralis stimatolo\u0161ka ordinacija\"\n\t\t\t\t\taria-label=\"oralis stimatolo\u0161ka ordinacija\"\n\t\t\t src=\"data:image\/svg+xml;base64,PHN2ZyB3aWR0aD0iMSIgaGVpZ2h0PSIxIiB4bWxucz0iaHR0cDovL3d3dy53My5vcmcvMjAwMC9zdmciPjwvc3ZnPg==\" class=\"lazyload\" data-load-mode=\"1\"><\/iframe>\n\t\t<\/div>\n\t\t\t\t\t\t<\/div>\n\t\t\t\t<\/div>\n\t\t\t\t\t<\/div>\n\t\t<\/div>\n\t\t\t\t\t<\/div>\n\t\t<\/section>\n\t\t\t\t<\/div>\n\t\t","protected":false},"excerpt":{"rendered":"<p>zAKA\u017dI TERMIN ORALIS Stomatolo\u0161ka Ordinacija Zaka\u017ei termin<\/p>\n","protected":false},"author":1,"featured_media":0,"parent":0,"menu_order":0,"comment_status":"closed","ping_status":"closed","template":"","meta":{"site-sidebar-layout":"no-sidebar","site-content-layout":"page-builder","ast-site-content-layout":"default","site-content-style":"default","site-sidebar-style":"default","ast-global-header-display":"","ast-banner-title-visibility":"","ast-main-header-display":"","ast-hfb-above-header-display":"","ast-hfb-below-header-display":"","ast-hfb-mobile-header-display":"","site-post-title":"disabled","ast-breadcrumbs-content":"","ast-featured-img":"disabled","footer-sml-layout":"","theme-transparent-header-meta":"enabled","adv-header-id-meta":"","stick-header-meta":"","header-above-stick-meta":"","header-main-stick-meta":"","header-below-stick-meta":"","astra-migrate-meta-layouts":"default","ast-page-background-enabled":"default","ast-page-background-meta":{"desktop":{"background-color":"","background-image":"","background-repeat":"repeat","background-position":"center center","background-size":"auto","background-attachment":"scroll","background-type":"","background-media":"","overlay-type":"","overlay-color":"","overlay-opacity":"","overlay-gradient":""},"tablet":{"background-color":"","background-image":"","background-repeat":"repeat","background-position":"center center","background-size":"auto","background-attachment":"scroll","background-type":"","background-media":"","overlay-type":"","overlay-color":"","overlay-opacity":"","overlay-gradient":""},"mobile":{"background-color":"","background-image":"","background-repeat":"repeat","background-position":"center center","background-size":"auto","background-attachment":"scroll","background-type":"","background-media":"","overlay-type":"","overlay-color":"","overlay-opacity":"","overlay-gradient":""}},"ast-content-background-meta":{"desktop":{"background-color":"var(--ast-global-color-5)","background-image":"","background-repeat":"repeat","background-position":"center center","background-size":"auto","background-attachment":"scroll","background-type":"","background-media":"","overlay-type":"","overlay-color":"","overlay-opacity":"","overlay-gradient":""},"tablet":{"background-color":"var(--ast-global-color-5)","background-image":"","background-repeat":"repeat","background-position":"center center","background-size":"auto","background-attachment":"scroll","background-type":"","background-media":"","overlay-type":"","overlay-color":"","overlay-opacity":"","overlay-gradient":""},"mobile":{"background-color":"var(--ast-global-color-5)","background-image":"","background-repeat":"repeat","background-position":"center center","background-size":"auto","background-attachment":"scroll","background-type":"","background-media":"","overlay-type":"","overlay-color":"","overlay-opacity":"","overlay-gradient":""}},"footnotes":""},"class_list":["post-46","page","type-page","status-publish","hentry"],"yoast_head":"<!-- This site is optimized with the Yoast SEO plugin v25.8 - https:\/\/yoast.com\/wordpress\/plugins\/seo\/ -->\n<title>ZAKA\u017dI TERMIN - Oralis - Stomatolo\u0161ka ordinacija Cazin<\/title>\n<meta name=\"robots\" content=\"index, follow, max-snippet:-1, max-image-preview:large, max-video-preview:-1\" \/>\n<link rel=\"canonical\" href=\"https:\/\/stomatoloskaordinacijacazin.com\/wp\/zakazi-termin\/\" \/>\n<meta property=\"og:locale\" content=\"bs_BA\" \/>\n<meta property=\"og:type\" content=\"article\" \/>\n<meta property=\"og:title\" content=\"ZAKA\u017dI TERMIN - Oralis - Stomatolo\u0161ka ordinacija Cazin\" \/>\n<meta property=\"og:description\" content=\"zAKA\u017dI TERMIN ORALIS Stomatolo\u0161ka Ordinacija Zaka\u017ei termin\" \/>\n<meta property=\"og:url\" content=\"https:\/\/stomatoloskaordinacijacazin.com\/wp\/zakazi-termin\/\" \/>\n<meta property=\"og:site_name\" content=\"Oralis - Stomatolo\u0161ka ordinacija Cazin\" \/>\n<meta property=\"article:publisher\" content=\"https:\/\/www.facebook.com\/oralis.stomatoloska.ordinacija\" \/>\n<meta property=\"article:modified_time\" content=\"2023-07-22T08:22:35+00:00\" \/>\n<meta property=\"og:image\" content=\"https:\/\/stomatoloskaordinacijacazin.com\/wp\/wp-content\/uploads\/2023\/01\/viber_image_2023-01-17_18-17-27-629-1024x684.jpg\" \/>\n<meta name=\"twitter:card\" content=\"summary_large_image\" \/>\n<script type=\"application\/ld+json\" class=\"yoast-schema-graph\">{\"@context\":\"https:\/\/schema.org\",\"@graph\":[{\"@type\":\"WebPage\",\"@id\":\"https:\/\/stomatoloskaordinacijacazin.com\/wp\/zakazi-termin\/\",\"url\":\"https:\/\/stomatoloskaordinacijacazin.com\/wp\/zakazi-termin\/\",\"name\":\"ZAKA\u017dI TERMIN - Oralis - Stomatolo\u0161ka ordinacija Cazin\",\"isPartOf\":{\"@id\":\"https:\/\/stomatoloskaordinacijacazin.com\/wp\/#website\"},\"primaryImageOfPage\":{\"@id\":\"https:\/\/stomatoloskaordinacijacazin.com\/wp\/zakazi-termin\/#primaryimage\"},\"image\":{\"@id\":\"https:\/\/stomatoloskaordinacijacazin.com\/wp\/zakazi-termin\/#primaryimage\"},\"thumbnailUrl\":\"https:\/\/stomatoloskaordinacijacazin.com\/wp\/wp-content\/uploads\/2023\/01\/viber_image_2023-01-17_18-17-27-629-1024x684.jpg\",\"datePublished\":\"2017-08-01T06:10:05+00:00\",\"dateModified\":\"2023-07-22T08:22:35+00:00\",\"breadcrumb\":{\"@id\":\"https:\/\/stomatoloskaordinacijacazin.com\/wp\/zakazi-termin\/#breadcrumb\"},\"inLanguage\":\"bs-BA\",\"potentialAction\":[{\"@type\":\"ReadAction\",\"target\":[\"https:\/\/stomatoloskaordinacijacazin.com\/wp\/zakazi-termin\/\"]}]},{\"@type\":\"ImageObject\",\"inLanguage\":\"bs-BA\",\"@id\":\"https:\/\/stomatoloskaordinacijacazin.com\/wp\/zakazi-termin\/#primaryimage\",\"url\":\"https:\/\/stomatoloskaordinacijacazin.com\/wp\/wp-content\/uploads\/2023\/01\/viber_image_2023-01-17_18-17-27-629.jpg\",\"contentUrl\":\"https:\/\/stomatoloskaordinacijacazin.com\/wp\/wp-content\/uploads\/2023\/01\/viber_image_2023-01-17_18-17-27-629.jpg\",\"width\":1600,\"height\":1068},{\"@type\":\"BreadcrumbList\",\"@id\":\"https:\/\/stomatoloskaordinacijacazin.com\/wp\/zakazi-termin\/#breadcrumb\",\"itemListElement\":[{\"@type\":\"ListItem\",\"position\":1,\"name\":\"Po\u010detna stranica\",\"item\":\"https:\/\/stomatoloskaordinacijacazin.com\/wp\/\"},{\"@type\":\"ListItem\",\"position\":2,\"name\":\"ZAKA\u017dI TERMIN\"}]},{\"@type\":\"WebSite\",\"@id\":\"https:\/\/stomatoloskaordinacijacazin.com\/wp\/#website\",\"url\":\"https:\/\/stomatoloskaordinacijacazin.com\/wp\/\",\"name\":\"Oralis - Stomatolo\u0161ka ordinacija Cazin\",\"description\":\"Estetika, krunice i mostovi, Izbjeljivanje, mobilna protet, oralna hirurgija...ika,\",\"publisher\":{\"@id\":\"https:\/\/stomatoloskaordinacijacazin.com\/wp\/#organization\"},\"potentialAction\":[{\"@type\":\"SearchAction\",\"target\":{\"@type\":\"EntryPoint\",\"urlTemplate\":\"https:\/\/stomatoloskaordinacijacazin.com\/wp\/?s={search_term_string}\"},\"query-input\":{\"@type\":\"PropertyValueSpecification\",\"valueRequired\":true,\"valueName\":\"search_term_string\"}}],\"inLanguage\":\"bs-BA\"},{\"@type\":\"Organization\",\"@id\":\"https:\/\/stomatoloskaordinacijacazin.com\/wp\/#organization\",\"name\":\"ORALIS - Stomatolo\u0161ka ordinacija Cazin\",\"url\":\"https:\/\/stomatoloskaordinacijacazin.com\/wp\/\",\"logo\":{\"@type\":\"ImageObject\",\"inLanguage\":\"bs-BA\",\"@id\":\"https:\/\/stomatoloskaordinacijacazin.com\/wp\/#\/schema\/logo\/image\/\",\"url\":\"https:\/\/stomatoloskaordinacijacazin.com\/wp\/wp-content\/uploads\/2021\/07\/1.-Oralis-logo-Sivi.png\",\"contentUrl\":\"https:\/\/stomatoloskaordinacijacazin.com\/wp\/wp-content\/uploads\/2021\/07\/1.-Oralis-logo-Sivi.png\",\"width\":2758,\"height\":4580,\"caption\":\"ORALIS - Stomatolo\u0161ka ordinacija Cazin\"},\"image\":{\"@id\":\"https:\/\/stomatoloskaordinacijacazin.com\/wp\/#\/schema\/logo\/image\/\"},\"sameAs\":[\"https:\/\/www.facebook.com\/oralis.stomatoloska.ordinacija\",\"https:\/\/www.instagram.com\/oralis.stomatoloska.ordinacija\",\"https:\/\/www.youtube.com\/channel\/UC6RWsNOFiI8tl6uA3SP2xZg\/featured\"]}]}<\/script>\n<!-- \/ Yoast SEO plugin. -->","yoast_head_json":{"title":"ZAKA\u017dI TERMIN - Oralis - Stomatolo\u0161ka ordinacija Cazin","robots":{"index":"index","follow":"follow","max-snippet":"max-snippet:-1","max-image-preview":"max-image-preview:large","max-video-preview":"max-video-preview:-1"},"canonical":"https:\/\/stomatoloskaordinacijacazin.com\/wp\/zakazi-termin\/","og_locale":"bs_BA","og_type":"article","og_title":"ZAKA\u017dI TERMIN - Oralis - Stomatolo\u0161ka ordinacija Cazin","og_description":"zAKA\u017dI TERMIN ORALIS Stomatolo\u0161ka Ordinacija Zaka\u017ei termin","og_url":"https:\/\/stomatoloskaordinacijacazin.com\/wp\/zakazi-termin\/","og_site_name":"Oralis - Stomatolo\u0161ka ordinacija Cazin","article_publisher":"https:\/\/www.facebook.com\/oralis.stomatoloska.ordinacija","article_modified_time":"2023-07-22T08:22:35+00:00","og_image":[{"url":"https:\/\/stomatoloskaordinacijacazin.com\/wp\/wp-content\/uploads\/2023\/01\/viber_image_2023-01-17_18-17-27-629-1024x684.jpg","type":"","width":"","height":""}],"twitter_card":"summary_large_image","schema":{"@context":"https:\/\/schema.org","@graph":[{"@type":"WebPage","@id":"https:\/\/stomatoloskaordinacijacazin.com\/wp\/zakazi-termin\/","url":"https:\/\/stomatoloskaordinacijacazin.com\/wp\/zakazi-termin\/","name":"ZAKA\u017dI TERMIN - Oralis - Stomatolo\u0161ka ordinacija Cazin","isPartOf":{"@id":"https:\/\/stomatoloskaordinacijacazin.com\/wp\/#website"},"primaryImageOfPage":{"@id":"https:\/\/stomatoloskaordinacijacazin.com\/wp\/zakazi-termin\/#primaryimage"},"image":{"@id":"https:\/\/stomatoloskaordinacijacazin.com\/wp\/zakazi-termin\/#primaryimage"},"thumbnailUrl":"https:\/\/stomatoloskaordinacijacazin.com\/wp\/wp-content\/uploads\/2023\/01\/viber_image_2023-01-17_18-17-27-629-1024x684.jpg","datePublished":"2017-08-01T06:10:05+00:00","dateModified":"2023-07-22T08:22:35+00:00","breadcrumb":{"@id":"https:\/\/stomatoloskaordinacijacazin.com\/wp\/zakazi-termin\/#breadcrumb"},"inLanguage":"bs-BA","potentialAction":[{"@type":"ReadAction","target":["https:\/\/stomatoloskaordinacijacazin.com\/wp\/zakazi-termin\/"]}]},{"@type":"ImageObject","inLanguage":"bs-BA","@id":"https:\/\/stomatoloskaordinacijacazin.com\/wp\/zakazi-termin\/#primaryimage","url":"https:\/\/stomatoloskaordinacijacazin.com\/wp\/wp-content\/uploads\/2023\/01\/viber_image_2023-01-17_18-17-27-629.jpg","contentUrl":"https:\/\/stomatoloskaordinacijacazin.com\/wp\/wp-content\/uploads\/2023\/01\/viber_image_2023-01-17_18-17-27-629.jpg","width":1600,"height":1068},{"@type":"BreadcrumbList","@id":"https:\/\/stomatoloskaordinacijacazin.com\/wp\/zakazi-termin\/#breadcrumb","itemListElement":[{"@type":"ListItem","position":1,"name":"Po\u010detna stranica","item":"https:\/\/stomatoloskaordinacijacazin.com\/wp\/"},{"@type":"ListItem","position":2,"name":"ZAKA\u017dI TERMIN"}]},{"@type":"WebSite","@id":"https:\/\/stomatoloskaordinacijacazin.com\/wp\/#website","url":"https:\/\/stomatoloskaordinacijacazin.com\/wp\/","name":"Oralis - Stomatolo\u0161ka ordinacija Cazin","description":"Estetika, krunice i mostovi, Izbjeljivanje, mobilna protet, oralna hirurgija...ika,","publisher":{"@id":"https:\/\/stomatoloskaordinacijacazin.com\/wp\/#organization"},"potentialAction":[{"@type":"SearchAction","target":{"@type":"EntryPoint","urlTemplate":"https:\/\/stomatoloskaordinacijacazin.com\/wp\/?s={search_term_string}"},"query-input":{"@type":"PropertyValueSpecification","valueRequired":true,"valueName":"search_term_string"}}],"inLanguage":"bs-BA"},{"@type":"Organization","@id":"https:\/\/stomatoloskaordinacijacazin.com\/wp\/#organization","name":"ORALIS - Stomatolo\u0161ka ordinacija Cazin","url":"https:\/\/stomatoloskaordinacijacazin.com\/wp\/","logo":{"@type":"ImageObject","inLanguage":"bs-BA","@id":"https:\/\/stomatoloskaordinacijacazin.com\/wp\/#\/schema\/logo\/image\/","url":"https:\/\/stomatoloskaordinacijacazin.com\/wp\/wp-content\/uploads\/2021\/07\/1.-Oralis-logo-Sivi.png","contentUrl":"https:\/\/stomatoloskaordinacijacazin.com\/wp\/wp-content\/uploads\/2021\/07\/1.-Oralis-logo-Sivi.png","width":2758,"height":4580,"caption":"ORALIS - Stomatolo\u0161ka ordinacija Cazin"},"image":{"@id":"https:\/\/stomatoloskaordinacijacazin.com\/wp\/#\/schema\/logo\/image\/"},"sameAs":["https:\/\/www.facebook.com\/oralis.stomatoloska.ordinacija","https:\/\/www.instagram.com\/oralis.stomatoloska.ordinacija","https:\/\/www.youtube.com\/channel\/UC6RWsNOFiI8tl6uA3SP2xZg\/featured"]}]}},"_links":{"self":[{"href":"https:\/\/stomatoloskaordinacijacazin.com\/wp\/wp-json\/wp\/v2\/pages\/46","targetHints":{"allow":["GET"]}}],"collection":[{"href":"https:\/\/stomatoloskaordinacijacazin.com\/wp\/wp-json\/wp\/v2\/pages"}],"about":[{"href":"https:\/\/stomatoloskaordinacijacazin.com\/wp\/wp-json\/wp\/v2\/types\/page"}],"author":[{"embeddable":true,"href":"https:\/\/stomatoloskaordinacijacazin.com\/wp\/wp-json\/wp\/v2\/users\/1"}],"replies":[{"embeddable":true,"href":"https:\/\/stomatoloskaordinacijacazin.com\/wp\/wp-json\/wp\/v2\/comments?post=46"}],"version-history":[{"count":29,"href":"https:\/\/stomatoloskaordinacijacazin.com\/wp\/wp-json\/wp\/v2\/pages\/46\/revisions"}],"predecessor-version":[{"id":2379,"href":"https:\/\/stomatoloskaordinacijacazin.com\/wp\/wp-json\/wp\/v2\/pages\/46\/revisions\/2379"}],"wp:attachment":[{"href":"https:\/\/stomatoloskaordinacijacazin.com\/wp\/wp-json\/wp\/v2\/media?parent=46"}],"curies":[{"name":"wp","href":"https:\/\/api.w.org\/{rel}","templated":true}]}}